{"id":1301,"date":"2026-01-29T13:16:45","date_gmt":"2026-01-29T13:16:45","guid":{"rendered":"https:\/\/hoteljunior.it\/hotel-junior-twoj-3-gwiazdkowy-hotel-w-rimini-nowe-doswiadczenie-online\/"},"modified":"2026-02-23T17:22:11","modified_gmt":"2026-02-23T17:22:11","slug":"hotel-junior-twoj-3-gwiazdkowy-hotel-w-rimini-nowe-doswiadczenie-online","status":"publish","type":"page","link":"https:\/\/hoteljunior.it\/pl\/hotel-junior-twoj-3-gwiazdkowy-hotel-w-rimini-nowe-doswiadczenie-online\/","title":{"rendered":"Hotel Junior | Tw\u00f3j 3-gwiazdkowy hotel w Rimini \u2013 nowe do\u015bwiadczenie online"},"content":{"rendered":"\t\t<div data-elementor-type=\"wp-page\" data-elementor-id=\"1301\" class=\"elementor elementor-1301\" data-elementor-post-type=\"page\">\n\t\t\t\t<div class=\"elementor-element elementor-element-53f9401 elementor-hidden-desktop elementor-hidden-tablet e-con-full e-flex e-con e-parent\" data-id=\"53f9401\" data-element_type=\"container\" data-e-type=\"container\">\n\t\t<div class=\"elementor-element elementor-element-d1d90c3 e-con-full e-flex e-con e-child\" data-id=\"d1d90c3\" data-element_type=\"container\" data-e-type=\"container\">\n\t\t<div class=\"elementor-element elementor-element-f624209 e-con-full e-flex e-con e-child\" data-id=\"f624209\" data-element_type=\"container\" data-e-type=\"container\">\n\t\t\t\t<div class=\"elementor-element elementor-element-fe49b7c elementor-widget__width-initial elementor-widget elementor-widget-image\" data-id=\"fe49b7c\" data-element_type=\"widget\" data-e-type=\"widget\" data-widget_type=\"image.default\">\n\t\t\t\t\t\t\t\t\t\t\t\t\t\t\t<img fetchpriority=\"high\" decoding=\"async\" width=\"530\" height=\"322\" src=\"https:\/\/hoteljunior.it\/wp-content\/uploads\/2026\/01\/Logo-original-color.svg\" class=\"attachment-large size-large wp-image-1303\" alt=\"\" \/>\t\t\t\t\t\t\t\t\t\t\t\t\t\t\t<\/div>\n\t\t<div class=\"elementor-element elementor-element-9f1c2af e-con-full e-flex e-con e-child\" data-id=\"9f1c2af\" data-element_type=\"container\" data-e-type=\"container\">\n\t\t\t\t<div class=\"elementor-element elementor-element-0c471a2 elementor-widget-mobile__width-inherit elementor-widget elementor-widget-image\" data-id=\"0c471a2\" data-element_type=\"widget\" data-e-type=\"widget\" data-widget_type=\"image.default\">\n\t\t\t\t\t\t\t\t\t\t\t\t\t\t\t<img decoding=\"async\" width=\"1024\" height=\"768\" src=\"https:\/\/hoteljunior.it\/wp-content\/uploads\/2026\/01\/Animacao-quarto-hotel-Junior-di-rimini-2.gif\" class=\"attachment-full size-full wp-image-1308\" alt=\"\" \/>\t\t\t\t\t\t\t\t\t\t\t\t\t\t\t<\/div>\n\t\t\t\t<\/div>\n\t\t\t\t<div class=\"elementor-element elementor-element-c9389e7 elementor-widget elementor-widget-heading\" data-id=\"c9389e7\" data-element_type=\"widget\" data-e-type=\"widget\" data-widget_type=\"heading.default\">\n\t\t\t\t\t<h2 class=\"elementor-heading-title elementor-size-default\">Go\u015bcinno\u015b\u0107 Twojego hotelu w Rimini, teraz w nowej ods\u0142onie online<\/h2>\t\t\t\t<\/div>\n\t\t\t\t<div class=\"elementor-element elementor-element-28964ab elementor-widget elementor-widget-heading\" data-id=\"28964ab\" data-element_type=\"widget\" data-e-type=\"widget\" data-widget_type=\"heading.default\">\n\t\t\t\t\t<h4 class=\"elementor-heading-title elementor-size-default\">Wi\u0119kszy komfort, jeszcze przed zameldowaniem.<\/h4>\t\t\t\t<\/div>\n\t\t\t\t<div class=\"elementor-element elementor-element-61db9da elementor-widget elementor-widget-text-editor\" data-id=\"61db9da\" data-element_type=\"widget\" data-e-type=\"widget\" data-widget_type=\"text-editor.default\">\n\t\t\t\t\t\t\t\t\t<p><b data-path-to-node=\"3,3,0\" data-index-in-node=\"10\">Hotel Junior<\/b> od\u015bwie\u017ca swoj\u0105 obecno\u015b\u0107 cyfrow\u0105. Pracujemy nad nowoczesnym i intuicyjnym serwisem, zaprojektowanym z my\u015bl\u0105 o u\u0142atwieniu organizacji Pa\u0144stwa wakacji. W mi\u0119dzyczasie nasz zesp\u00f3\u0142 pozostaje do Pa\u0144stwa pe\u0142nej dyspozycji.<\/p>\t\t\t\t\t\t\t\t<\/div>\n\t\t\t\t<div class=\"elementor-element elementor-element-7cbda78 elementor-mobile-align-justify elementor-widget-mobile__width-initial elementor-widget elementor-widget-button\" data-id=\"7cbda78\" data-element_type=\"widget\" data-e-type=\"widget\" data-widget_type=\"button.default\">\n\t\t\t\t\t\t\t\t\t\t<a class=\"elementor-button elementor-button-link elementor-size-sm\" href=\"https:\/\/www.simplebooking.it\/ibe\/portal?pid=222&#038;lang=IT&#038;cur=GBP#\/p&#038;guests=A,A&#038;in=2026-01-30&#038;out=2026-01-31&#038;coupon=\">\n\t\t\t\t\t\t<span class=\"elementor-button-content-wrapper\">\n\t\t\t\t\t\t\t\t\t<span class=\"elementor-button-text\">Sprawd\u017a dost\u0119pno\u015b\u0107<\/span>\n\t\t\t\t\t<\/span>\n\t\t\t\t\t<\/a>\n\t\t\t\t\t\t\t\t<\/div>\n\t\t<div class=\"elementor-element elementor-element-5c4fc62 e-con-full e-flex e-con e-child\" data-id=\"5c4fc62\" data-element_type=\"container\" data-e-type=\"container\">\n\t\t\t\t<div class=\"elementor-element elementor-element-f49c99f elementor-widget__width-initial elementor-widget elementor-widget-image\" data-id=\"f49c99f\" data-element_type=\"widget\" data-e-type=\"widget\" data-widget_type=\"image.default\">\n\t\t\t\t\t\t\t\t\t\t\t\t\t\t\t\t<a href=\"https:\/\/oasigrouphotels.com\/\">\n\t\t\t\t\t\t\t<img decoding=\"async\" width=\"793\" height=\"116\" src=\"https:\/\/hoteljunior.it\/wp-content\/uploads\/2026\/01\/logo-horizontal.svg\" class=\"attachment-large size-large wp-image-1306\" alt=\"\" \/>\t\t\t\t\t\t\t\t<\/a>\n\t\t\t\t\t\t\t\t\t\t\t\t\t\t\t<\/div>\n\t\t\t\t<\/div>\n\t\t\t\t<\/div>\n\t\t\t\t<\/div>\n\t\t\t\t<\/div>\n\t\t<div class=\"elementor-element elementor-element-a416cbe elementor-hidden-mobile e-flex e-con-boxed e-con e-parent\" data-id=\"a416cbe\" data-element_type=\"container\" data-e-type=\"container\">\n\t\t\t\t\t<div class=\"e-con-inner\">\n\t\t<div class=\"elementor-element elementor-element-86a15f6 e-con-full e-flex e-con e-child\" data-id=\"86a15f6\" data-element_type=\"container\" data-e-type=\"container\">\n\t\t<div class=\"elementor-element elementor-element-76f3a72 e-con-full e-flex e-con e-child\" data-id=\"76f3a72\" data-element_type=\"container\" data-e-type=\"container\">\n\t\t\t\t<div class=\"elementor-element elementor-element-65f332e elementor-widget__width-initial elementor-widget elementor-widget-image\" data-id=\"65f332e\" data-element_type=\"widget\" data-e-type=\"widget\" data-widget_type=\"image.default\">\n\t\t\t\t\t\t\t\t\t\t\t\t\t\t\t<img loading=\"lazy\" decoding=\"async\" width=\"649\" height=\"347\" src=\"https:\/\/hoteljunior.it\/wp-content\/uploads\/2026\/02\/Cor-Original-elementor-io-optimized.webp\" class=\"attachment-large size-large wp-image-1309\" alt=\"\" srcset=\"https:\/\/hoteljunior.it\/wp-content\/uploads\/2026\/02\/Cor-Original-elementor-io-optimized.webp 649w, https:\/\/hoteljunior.it\/wp-content\/uploads\/2026\/02\/Cor-Original-elementor-io-optimized-300x160.webp 300w\" sizes=\"(max-width: 649px) 100vw, 649px\" \/>\t\t\t\t\t\t\t\t\t\t\t\t\t\t\t<\/div>\n\t\t\t\t<div class=\"elementor-element elementor-element-530ba0c elementor-widget elementor-widget-heading\" data-id=\"530ba0c\" data-element_type=\"widget\" data-e-type=\"widget\" data-widget_type=\"heading.default\">\n\t\t\t\t\t<h2 class=\"elementor-heading-title elementor-size-default\">Go\u015bcinno\u015b\u0107 Twojego hotelu w Rimini, teraz w nowej ods\u0142onie online<\/h2>\t\t\t\t<\/div>\n\t\t\t\t<div class=\"elementor-element elementor-element-a198f96 elementor-widget elementor-widget-heading\" data-id=\"a198f96\" data-element_type=\"widget\" data-e-type=\"widget\" data-widget_type=\"heading.default\">\n\t\t\t\t\t<h4 class=\"elementor-heading-title elementor-size-default\">Wi\u0119kszy komfort, jeszcze przed zameldowaniem.<\/h4>\t\t\t\t<\/div>\n\t\t\t\t<div class=\"elementor-element elementor-element-e01d4b2 elementor-widget elementor-widget-text-editor\" data-id=\"e01d4b2\" data-element_type=\"widget\" data-e-type=\"widget\" data-widget_type=\"text-editor.default\">\n\t\t\t\t\t\t\t\t\t<p><b data-path-to-node=\"3,3,0\" data-index-in-node=\"10\">Hotel Junior<\/b> od\u015bwie\u017ca swoj\u0105 obecno\u015b\u0107 cyfrow\u0105. Pracujemy nad nowoczesnym i intuicyjnym serwisem, zaprojektowanym z my\u015bl\u0105 o u\u0142atwieniu organizacji Pa\u0144stwa wakacji. W mi\u0119dzyczasie nasz zesp\u00f3\u0142 pozostaje do Pa\u0144stwa pe\u0142nej dyspozycji.<\/p>\t\t\t\t\t\t\t\t<\/div>\n\t\t\t\t<div class=\"elementor-element elementor-element-537ff65 elementor-mobile-align-justify elementor-widget-mobile__width-initial elementor-widget elementor-widget-button\" data-id=\"537ff65\" data-element_type=\"widget\" data-e-type=\"widget\" data-widget_type=\"button.default\">\n\t\t\t\t\t\t\t\t\t\t<a class=\"elementor-button elementor-button-link elementor-size-sm\" href=\"https:\/\/www.simplebooking.it\/ibe\/portal?pid=222&#038;lang=IT&#038;cur=GBP#\/p&#038;guests=A,A&#038;in=2026-01-30&#038;out=2026-01-31&#038;coupon=\">\n\t\t\t\t\t\t<span class=\"elementor-button-content-wrapper\">\n\t\t\t\t\t\t\t\t\t<span class=\"elementor-button-text\">Sprawd\u017a dost\u0119pno\u015b\u0107<\/span>\n\t\t\t\t\t<\/span>\n\t\t\t\t\t<\/a>\n\t\t\t\t\t\t\t\t<\/div>\n\t\t\t\t<\/div>\n\t\t<div class=\"elementor-element elementor-element-00dc49a e-con-full e-flex e-con e-child\" data-id=\"00dc49a\" data-element_type=\"container\" data-e-type=\"container\">\n\t\t\t\t<div class=\"elementor-element elementor-element-ce4059c elementor-widget elementor-widget-image\" data-id=\"ce4059c\" data-element_type=\"widget\" data-e-type=\"widget\" data-widget_type=\"image.default\">\n\t\t\t\t\t\t\t\t\t\t\t\t\t\t\t<img decoding=\"async\" width=\"1024\" height=\"768\" src=\"https:\/\/hoteljunior.it\/wp-content\/uploads\/2026\/01\/Animacao-quarto-hotel-Junior-di-rimini-2.gif\" class=\"attachment-full size-full wp-image-1308\" alt=\"\" \/>\t\t\t\t\t\t\t\t\t\t\t\t\t\t\t<\/div>\n\t\t\t\t<\/div>\n\t\t\t\t<\/div>\n\t\t\t\t\t<\/div>\n\t\t\t\t<\/div>\n\t\t<div class=\"elementor-element elementor-element-a178c73 elementor-hidden-mobile e-flex e-con-boxed e-con e-parent\" data-id=\"a178c73\" data-element_type=\"container\" data-e-type=\"container\">\n\t\t\t\t\t<div class=\"e-con-inner\">\n\t\t\t\t<div class=\"elementor-element elementor-element-3c7bb38 elementor-widget__width-initial elementor-widget elementor-widget-image\" data-id=\"3c7bb38\" data-element_type=\"widget\" data-e-type=\"widget\" data-widget_type=\"image.default\">\n\t\t\t\t\t\t\t\t\t\t\t\t\t\t\t\t<a href=\"https:\/\/oasigrouphotels.com\/\">\n\t\t\t\t\t\t\t<img decoding=\"async\" width=\"793\" height=\"116\" src=\"https:\/\/hoteljunior.it\/wp-content\/uploads\/2026\/01\/logo-horizontal.svg\" class=\"attachment-large size-large wp-image-1306\" alt=\"\" \/>\t\t\t\t\t\t\t\t<\/a>\n\t\t\t\t\t\t\t\t\t\t\t\t\t\t\t<\/div>\n\t\t\t\t\t<\/div>\n\t\t\t\t<\/div>\n\t\t\t\t<\/div>\n\t\t","protected":false},"excerpt":{"rendered":"<p>Go\u015bcinno\u015b\u0107 Twojego hotelu w Rimini, teraz w nowej ods\u0142onie online Wi\u0119kszy komfort, jeszcze przed zameldowaniem. Hotel Junior od\u015bwie\u017ca swoj\u0105 obecno\u015b\u0107 cyfrow\u0105. Pracujemy nad nowoczesnym i intuicyjnym serwisem, zaprojektowanym z my\u015bl\u0105 o u\u0142atwieniu organizacji Pa\u0144stwa wakacji. W mi\u0119dzyczasie nasz zesp\u00f3\u0142 pozostaje do Pa\u0144stwa pe\u0142nej dyspozycji. Sprawd\u017a dost\u0119pno\u015b\u0107 Go\u015bcinno\u015b\u0107 Twojego hotelu w Rimini, teraz w nowej ods\u0142onie [&hellip;]<\/p>\n","protected":false},"author":1,"featured_media":0,"parent":0,"menu_order":0,"comment_status":"closed","ping_status":"closed","template":"elementor_canvas","meta":{"footnotes":""},"class_list":["post-1301","page","type-page","status-publish","hentry"],"yoast_head":"<!-- This site is optimized with the Yoast SEO plugin v27.3 - https:\/\/yoast.com\/product\/yoast-seo-wordpress\/ -->\n<title>Hotel Junior | Tw\u00f3j 3-gwiazdkowy hotel w Rimini \u2013 nowe do\u015bwiadczenie online - Hotel junior di Rimini - Hotel 3 Stelle con servizo di 4 stelle<\/title>\n<meta name=\"robots\" content=\"index, follow, max-snippet:-1, max-image-preview:large, max-video-preview:-1\" \/>\n<link rel=\"canonical\" href=\"https:\/\/hoteljunior.it\/pl\/hotel-junior-twoj-3-gwiazdkowy-hotel-w-rimini-nowe-doswiadczenie-online\/\" \/>\n<meta property=\"og:locale\" content=\"pl_PL\" \/>\n<meta property=\"og:type\" content=\"article\" \/>\n<meta property=\"og:title\" content=\"Hotel Junior | Tw\u00f3j 3-gwiazdkowy hotel w Rimini \u2013 nowe do\u015bwiadczenie online - Hotel junior di Rimini - Hotel 3 Stelle con servizo di 4 stelle\" \/>\n<meta property=\"og:description\" content=\"Go\u015bcinno\u015b\u0107 Twojego hotelu w Rimini, teraz w nowej ods\u0142onie online Wi\u0119kszy komfort, jeszcze przed zameldowaniem. Hotel Junior od\u015bwie\u017ca swoj\u0105 obecno\u015b\u0107 cyfrow\u0105. Pracujemy nad nowoczesnym i intuicyjnym serwisem, zaprojektowanym z my\u015bl\u0105 o u\u0142atwieniu organizacji Pa\u0144stwa wakacji. W mi\u0119dzyczasie nasz zesp\u00f3\u0142 pozostaje do Pa\u0144stwa pe\u0142nej dyspozycji. Sprawd\u017a dost\u0119pno\u015b\u0107 Go\u015bcinno\u015b\u0107 Twojego hotelu w Rimini, teraz w nowej ods\u0142onie [&hellip;]\" \/>\n<meta property=\"og:url\" content=\"https:\/\/hoteljunior.it\/pl\/hotel-junior-twoj-3-gwiazdkowy-hotel-w-rimini-nowe-doswiadczenie-online\/\" \/>\n<meta property=\"og:site_name\" content=\"Hotel junior di Rimini - Hotel 3 Stelle con servizo di 4 stelle\" \/>\n<meta property=\"article:modified_time\" content=\"2026-02-23T17:22:11+00:00\" \/>\n<meta name=\"twitter:card\" content=\"summary_large_image\" \/>\n<meta name=\"twitter:label1\" content=\"Szacowany czas czytania\" \/>\n\t<meta name=\"twitter:data1\" content=\"1 minuta\" \/>\n<script type=\"application\/ld+json\" class=\"yoast-schema-graph\">{\"@context\":\"https:\\\/\\\/schema.org\",\"@graph\":[{\"@type\":\"WebPage\",\"@id\":\"https:\\\/\\\/hoteljunior.it\\\/pl\\\/hotel-junior-twoj-3-gwiazdkowy-hotel-w-rimini-nowe-doswiadczenie-online\\\/\",\"url\":\"https:\\\/\\\/hoteljunior.it\\\/pl\\\/hotel-junior-twoj-3-gwiazdkowy-hotel-w-rimini-nowe-doswiadczenie-online\\\/\",\"name\":\"Hotel Junior | Tw\u00f3j 3-gwiazdkowy hotel w Rimini \u2013 nowe do\u015bwiadczenie online - Hotel junior di Rimini - Hotel 3 Stelle con servizo di 4 stelle\",\"isPartOf\":{\"@id\":\"https:\\\/\\\/hoteljunior.it\\\/pl\\\/#website\"},\"primaryImageOfPage\":{\"@id\":\"https:\\\/\\\/hoteljunior.it\\\/pl\\\/hotel-junior-twoj-3-gwiazdkowy-hotel-w-rimini-nowe-doswiadczenie-online\\\/#primaryimage\"},\"image\":{\"@id\":\"https:\\\/\\\/hoteljunior.it\\\/pl\\\/hotel-junior-twoj-3-gwiazdkowy-hotel-w-rimini-nowe-doswiadczenie-online\\\/#primaryimage\"},\"thumbnailUrl\":\"https:\\\/\\\/hoteljunior.it\\\/wp-content\\\/uploads\\\/2026\\\/01\\\/Logo-original-color.svg\",\"datePublished\":\"2026-01-29T13:16:45+00:00\",\"dateModified\":\"2026-02-23T17:22:11+00:00\",\"breadcrumb\":{\"@id\":\"https:\\\/\\\/hoteljunior.it\\\/pl\\\/hotel-junior-twoj-3-gwiazdkowy-hotel-w-rimini-nowe-doswiadczenie-online\\\/#breadcrumb\"},\"inLanguage\":\"pl-PL\",\"potentialAction\":[{\"@type\":\"ReadAction\",\"target\":[\"https:\\\/\\\/hoteljunior.it\\\/pl\\\/hotel-junior-twoj-3-gwiazdkowy-hotel-w-rimini-nowe-doswiadczenie-online\\\/\"]}]},{\"@type\":\"ImageObject\",\"inLanguage\":\"pl-PL\",\"@id\":\"https:\\\/\\\/hoteljunior.it\\\/pl\\\/hotel-junior-twoj-3-gwiazdkowy-hotel-w-rimini-nowe-doswiadczenie-online\\\/#primaryimage\",\"url\":\"https:\\\/\\\/hoteljunior.it\\\/wp-content\\\/uploads\\\/2026\\\/01\\\/Logo-original-color.svg\",\"contentUrl\":\"https:\\\/\\\/hoteljunior.it\\\/wp-content\\\/uploads\\\/2026\\\/01\\\/Logo-original-color.svg\"},{\"@type\":\"BreadcrumbList\",\"@id\":\"https:\\\/\\\/hoteljunior.it\\\/pl\\\/hotel-junior-twoj-3-gwiazdkowy-hotel-w-rimini-nowe-doswiadczenie-online\\\/#breadcrumb\",\"itemListElement\":[{\"@type\":\"ListItem\",\"position\":1,\"name\":\"In\u00edcio\",\"item\":\"https:\\\/\\\/hoteljunior.it\\\/pl\\\/\"},{\"@type\":\"ListItem\",\"position\":2,\"name\":\"Hotel Junior | Tw\u00f3j 3-gwiazdkowy hotel w Rimini \u2013 nowe do\u015bwiadczenie online\"}]},{\"@type\":\"WebSite\",\"@id\":\"https:\\\/\\\/hoteljunior.it\\\/pl\\\/#website\",\"url\":\"https:\\\/\\\/hoteljunior.it\\\/pl\\\/\",\"name\":\"Hotel Junior | Hotel 3 Stelle a Rimini con Servizi da 4 Stelle\",\"description\":\"\",\"publisher\":{\"@id\":\"https:\\\/\\\/hoteljunior.it\\\/pl\\\/#organization\"},\"potentialAction\":[{\"@type\":\"SearchAction\",\"target\":{\"@type\":\"EntryPoint\",\"urlTemplate\":\"https:\\\/\\\/hoteljunior.it\\\/pl\\\/?s={search_term_string}\"},\"query-input\":{\"@type\":\"PropertyValueSpecification\",\"valueRequired\":true,\"valueName\":\"search_term_string\"}}],\"inLanguage\":\"pl-PL\"},{\"@type\":\"Organization\",\"@id\":\"https:\\\/\\\/hoteljunior.it\\\/pl\\\/#organization\",\"name\":\"Hotel Junior di Rimini\",\"url\":\"https:\\\/\\\/hoteljunior.it\\\/pl\\\/\",\"logo\":{\"@type\":\"ImageObject\",\"inLanguage\":\"pl-PL\",\"@id\":\"https:\\\/\\\/hoteljunior.it\\\/pl\\\/#\\\/schema\\\/logo\\\/image\\\/\",\"url\":\"https:\\\/\\\/hoteljunior.it\\\/wp-content\\\/uploads\\\/2026\\\/01\\\/Logo-original-color.svg\",\"contentUrl\":\"https:\\\/\\\/hoteljunior.it\\\/wp-content\\\/uploads\\\/2026\\\/01\\\/Logo-original-color.svg\",\"width\":530,\"height\":322,\"caption\":\"Hotel Junior di Rimini\"},\"image\":{\"@id\":\"https:\\\/\\\/hoteljunior.it\\\/pl\\\/#\\\/schema\\\/logo\\\/image\\\/\"}}]}<\/script>\n<!-- \/ Yoast SEO plugin. -->","yoast_head_json":{"title":"Hotel Junior | Tw\u00f3j 3-gwiazdkowy hotel w Rimini \u2013 nowe do\u015bwiadczenie online - Hotel junior di Rimini - Hotel 3 Stelle con servizo di 4 stelle","robots":{"index":"index","follow":"follow","max-snippet":"max-snippet:-1","max-image-preview":"max-image-preview:large","max-video-preview":"max-video-preview:-1"},"canonical":"https:\/\/hoteljunior.it\/pl\/hotel-junior-twoj-3-gwiazdkowy-hotel-w-rimini-nowe-doswiadczenie-online\/","og_locale":"pl_PL","og_type":"article","og_title":"Hotel Junior | Tw\u00f3j 3-gwiazdkowy hotel w Rimini \u2013 nowe do\u015bwiadczenie online - Hotel junior di Rimini - Hotel 3 Stelle con servizo di 4 stelle","og_description":"Go\u015bcinno\u015b\u0107 Twojego hotelu w Rimini, teraz w nowej ods\u0142onie online Wi\u0119kszy komfort, jeszcze przed zameldowaniem. Hotel Junior od\u015bwie\u017ca swoj\u0105 obecno\u015b\u0107 cyfrow\u0105. Pracujemy nad nowoczesnym i intuicyjnym serwisem, zaprojektowanym z my\u015bl\u0105 o u\u0142atwieniu organizacji Pa\u0144stwa wakacji. W mi\u0119dzyczasie nasz zesp\u00f3\u0142 pozostaje do Pa\u0144stwa pe\u0142nej dyspozycji. Sprawd\u017a dost\u0119pno\u015b\u0107 Go\u015bcinno\u015b\u0107 Twojego hotelu w Rimini, teraz w nowej ods\u0142onie [&hellip;]","og_url":"https:\/\/hoteljunior.it\/pl\/hotel-junior-twoj-3-gwiazdkowy-hotel-w-rimini-nowe-doswiadczenie-online\/","og_site_name":"Hotel junior di Rimini - Hotel 3 Stelle con servizo di 4 stelle","article_modified_time":"2026-02-23T17:22:11+00:00","twitter_card":"summary_large_image","twitter_misc":{"Szacowany czas czytania":"1 minuta"},"schema":{"@context":"https:\/\/schema.org","@graph":[{"@type":"WebPage","@id":"https:\/\/hoteljunior.it\/pl\/hotel-junior-twoj-3-gwiazdkowy-hotel-w-rimini-nowe-doswiadczenie-online\/","url":"https:\/\/hoteljunior.it\/pl\/hotel-junior-twoj-3-gwiazdkowy-hotel-w-rimini-nowe-doswiadczenie-online\/","name":"Hotel Junior | Tw\u00f3j 3-gwiazdkowy hotel w Rimini \u2013 nowe do\u015bwiadczenie online - Hotel junior di Rimini - Hotel 3 Stelle con servizo di 4 stelle","isPartOf":{"@id":"https:\/\/hoteljunior.it\/pl\/#website"},"primaryImageOfPage":{"@id":"https:\/\/hoteljunior.it\/pl\/hotel-junior-twoj-3-gwiazdkowy-hotel-w-rimini-nowe-doswiadczenie-online\/#primaryimage"},"image":{"@id":"https:\/\/hoteljunior.it\/pl\/hotel-junior-twoj-3-gwiazdkowy-hotel-w-rimini-nowe-doswiadczenie-online\/#primaryimage"},"thumbnailUrl":"https:\/\/hoteljunior.it\/wp-content\/uploads\/2026\/01\/Logo-original-color.svg","datePublished":"2026-01-29T13:16:45+00:00","dateModified":"2026-02-23T17:22:11+00:00","breadcrumb":{"@id":"https:\/\/hoteljunior.it\/pl\/hotel-junior-twoj-3-gwiazdkowy-hotel-w-rimini-nowe-doswiadczenie-online\/#breadcrumb"},"inLanguage":"pl-PL","potentialAction":[{"@type":"ReadAction","target":["https:\/\/hoteljunior.it\/pl\/hotel-junior-twoj-3-gwiazdkowy-hotel-w-rimini-nowe-doswiadczenie-online\/"]}]},{"@type":"ImageObject","inLanguage":"pl-PL","@id":"https:\/\/hoteljunior.it\/pl\/hotel-junior-twoj-3-gwiazdkowy-hotel-w-rimini-nowe-doswiadczenie-online\/#primaryimage","url":"https:\/\/hoteljunior.it\/wp-content\/uploads\/2026\/01\/Logo-original-color.svg","contentUrl":"https:\/\/hoteljunior.it\/wp-content\/uploads\/2026\/01\/Logo-original-color.svg"},{"@type":"BreadcrumbList","@id":"https:\/\/hoteljunior.it\/pl\/hotel-junior-twoj-3-gwiazdkowy-hotel-w-rimini-nowe-doswiadczenie-online\/#breadcrumb","itemListElement":[{"@type":"ListItem","position":1,"name":"In\u00edcio","item":"https:\/\/hoteljunior.it\/pl\/"},{"@type":"ListItem","position":2,"name":"Hotel Junior | Tw\u00f3j 3-gwiazdkowy hotel w Rimini \u2013 nowe do\u015bwiadczenie online"}]},{"@type":"WebSite","@id":"https:\/\/hoteljunior.it\/pl\/#website","url":"https:\/\/hoteljunior.it\/pl\/","name":"Hotel Junior | Hotel 3 Stelle a Rimini con Servizi da 4 Stelle","description":"","publisher":{"@id":"https:\/\/hoteljunior.it\/pl\/#organization"},"potentialAction":[{"@type":"SearchAction","target":{"@type":"EntryPoint","urlTemplate":"https:\/\/hoteljunior.it\/pl\/?s={search_term_string}"},"query-input":{"@type":"PropertyValueSpecification","valueRequired":true,"valueName":"search_term_string"}}],"inLanguage":"pl-PL"},{"@type":"Organization","@id":"https:\/\/hoteljunior.it\/pl\/#organization","name":"Hotel Junior di Rimini","url":"https:\/\/hoteljunior.it\/pl\/","logo":{"@type":"ImageObject","inLanguage":"pl-PL","@id":"https:\/\/hoteljunior.it\/pl\/#\/schema\/logo\/image\/","url":"https:\/\/hoteljunior.it\/wp-content\/uploads\/2026\/01\/Logo-original-color.svg","contentUrl":"https:\/\/hoteljunior.it\/wp-content\/uploads\/2026\/01\/Logo-original-color.svg","width":530,"height":322,"caption":"Hotel Junior di Rimini"},"image":{"@id":"https:\/\/hoteljunior.it\/pl\/#\/schema\/logo\/image\/"}}]}},"_links":{"self":[{"href":"https:\/\/hoteljunior.it\/pl\/wp-json\/wp\/v2\/pages\/1301","targetHints":{"allow":["GET"]}}],"collection":[{"href":"https:\/\/hoteljunior.it\/pl\/wp-json\/wp\/v2\/pages"}],"about":[{"href":"https:\/\/hoteljunior.it\/pl\/wp-json\/wp\/v2\/types\/page"}],"author":[{"embeddable":true,"href":"https:\/\/hoteljunior.it\/pl\/wp-json\/wp\/v2\/users\/1"}],"replies":[{"embeddable":true,"href":"https:\/\/hoteljunior.it\/pl\/wp-json\/wp\/v2\/comments?post=1301"}],"version-history":[{"count":1,"href":"https:\/\/hoteljunior.it\/pl\/wp-json\/wp\/v2\/pages\/1301\/revisions"}],"predecessor-version":[{"id":1310,"href":"https:\/\/hoteljunior.it\/pl\/wp-json\/wp\/v2\/pages\/1301\/revisions\/1310"}],"wp:attachment":[{"href":"https:\/\/hoteljunior.it\/pl\/wp-json\/wp\/v2\/media?parent=1301"}],"curies":[{"name":"wp","href":"https:\/\/api.w.org\/{rel}","templated":true}]}}