{"id":1321,"date":"2026-01-29T13:16:45","date_gmt":"2026-01-29T13:16:45","guid":{"rendered":"https:\/\/hoteljunior.it\/hotel-junior-votre-hotel-3-etoiles-a-rimini-nouvelle-experience-en-ligne\/"},"modified":"2026-02-23T17:25:18","modified_gmt":"2026-02-23T17:25:18","slug":"hotel-junior-votre-hotel-3-etoiles-a-rimini-nouvelle-experience-en-ligne","status":"publish","type":"page","link":"https:\/\/hoteljunior.it\/fr\/hotel-junior-votre-hotel-3-etoiles-a-rimini-nouvelle-experience-en-ligne\/","title":{"rendered":"H\u00f4tel Junior | Votre h\u00f4tel 3 \u00e9toiles \u00e0 Rimini &#8211; Nouvelle exp\u00e9rience en ligne"},"content":{"rendered":"\t\t<div data-elementor-type=\"wp-page\" data-elementor-id=\"1321\" class=\"elementor elementor-1321\" data-elementor-post-type=\"page\">\n\t\t\t\t<div class=\"elementor-element elementor-element-53f9401 elementor-hidden-desktop elementor-hidden-tablet e-con-full e-flex e-con e-parent\" data-id=\"53f9401\" data-element_type=\"container\" data-e-type=\"container\">\n\t\t<div class=\"elementor-element elementor-element-d1d90c3 e-con-full e-flex e-con e-child\" data-id=\"d1d90c3\" data-element_type=\"container\" data-e-type=\"container\">\n\t\t<div class=\"elementor-element elementor-element-f624209 e-con-full e-flex e-con e-child\" data-id=\"f624209\" data-element_type=\"container\" data-e-type=\"container\">\n\t\t\t\t<div class=\"elementor-element elementor-element-fe49b7c elementor-widget__width-initial elementor-widget elementor-widget-image\" data-id=\"fe49b7c\" data-element_type=\"widget\" data-e-type=\"widget\" data-widget_type=\"image.default\">\n\t\t\t\t\t\t\t\t\t\t\t\t\t\t\t<img fetchpriority=\"high\" decoding=\"async\" width=\"530\" height=\"322\" src=\"https:\/\/hoteljunior.it\/wp-content\/uploads\/2026\/01\/Logo-original-color.svg\" class=\"attachment-large size-large wp-image-1323\" alt=\"\" \/>\t\t\t\t\t\t\t\t\t\t\t\t\t\t\t<\/div>\n\t\t<div class=\"elementor-element elementor-element-9f1c2af e-con-full e-flex e-con e-child\" data-id=\"9f1c2af\" data-element_type=\"container\" data-e-type=\"container\">\n\t\t\t\t<div class=\"elementor-element elementor-element-0c471a2 elementor-widget-mobile__width-inherit elementor-widget elementor-widget-image\" data-id=\"0c471a2\" data-element_type=\"widget\" data-e-type=\"widget\" data-widget_type=\"image.default\">\n\t\t\t\t\t\t\t\t\t\t\t\t\t\t\t<img decoding=\"async\" width=\"1024\" height=\"768\" src=\"https:\/\/hoteljunior.it\/wp-content\/uploads\/2026\/01\/Animacao-quarto-hotel-Junior-di-rimini-2.gif\" class=\"attachment-full size-full wp-image-1328\" alt=\"\" \/>\t\t\t\t\t\t\t\t\t\t\t\t\t\t\t<\/div>\n\t\t\t\t<\/div>\n\t\t\t\t<div class=\"elementor-element elementor-element-c9389e7 elementor-widget elementor-widget-heading\" data-id=\"c9389e7\" data-element_type=\"widget\" data-e-type=\"widget\" data-widget_type=\"heading.default\">\n\t\t\t\t\t<h2 class=\"elementor-heading-title elementor-size-default\">L\u2019hospitalit\u00e9 de votre h\u00f4tel \u00e0 Rimini, d\u00e9sormais dans une nouvelle exp\u00e9rience en ligne<\/h2>\t\t\t\t<\/div>\n\t\t\t\t<div class=\"elementor-element elementor-element-28964ab elementor-widget elementor-widget-heading\" data-id=\"28964ab\" data-element_type=\"widget\" data-e-type=\"widget\" data-widget_type=\"heading.default\">\n\t\t\t\t\t<h4 class=\"elementor-heading-title elementor-size-default\">Plus de confort, avant m\u00eame le check-in.<\/h4>\t\t\t\t<\/div>\n\t\t\t\t<div class=\"elementor-element elementor-element-61db9da elementor-widget elementor-widget-text-editor\" data-id=\"61db9da\" data-element_type=\"widget\" data-e-type=\"widget\" data-widget_type=\"text-editor.default\">\n\t\t\t\t\t\t\t\t\t<p>L\u2019<b data-path-to-node=\"3,3,0\" data-index-in-node=\"10\">H\u00f4tel Junior<\/b> renouvelle sa pr\u00e9sence num\u00e9rique. Nous finalisons un site moderne et intuitif, con\u00e7u pour simplifier l\u2019organisation de vos vacances. En attendant, notre \u00e9quipe reste \u00e0 votre enti\u00e8re disposition.<\/p>\t\t\t\t\t\t\t\t<\/div>\n\t\t\t\t<div class=\"elementor-element elementor-element-7cbda78 elementor-mobile-align-justify elementor-widget-mobile__width-initial elementor-widget elementor-widget-button\" data-id=\"7cbda78\" data-element_type=\"widget\" data-e-type=\"widget\" data-widget_type=\"button.default\">\n\t\t\t\t\t\t\t\t\t\t<a class=\"elementor-button elementor-button-link elementor-size-sm\" href=\"https:\/\/www.simplebooking.it\/ibe\/portal?pid=222&#038;lang=IT&#038;cur=GBP#\/p&#038;guests=A,A&#038;in=2026-01-30&#038;out=2026-01-31&#038;coupon=\">\n\t\t\t\t\t\t<span class=\"elementor-button-content-wrapper\">\n\t\t\t\t\t\t\t\t\t<span class=\"elementor-button-text\">V\u00e9rifier la disponibilit\u00e9<\/span>\n\t\t\t\t\t<\/span>\n\t\t\t\t\t<\/a>\n\t\t\t\t\t\t\t\t<\/div>\n\t\t<div class=\"elementor-element elementor-element-5c4fc62 e-con-full e-flex e-con e-child\" data-id=\"5c4fc62\" data-element_type=\"container\" data-e-type=\"container\">\n\t\t\t\t<div class=\"elementor-element elementor-element-f49c99f elementor-widget__width-initial elementor-widget elementor-widget-image\" data-id=\"f49c99f\" data-element_type=\"widget\" data-e-type=\"widget\" data-widget_type=\"image.default\">\n\t\t\t\t\t\t\t\t\t\t\t\t\t\t\t\t<a href=\"https:\/\/oasigrouphotels.com\/\">\n\t\t\t\t\t\t\t<img decoding=\"async\" width=\"793\" height=\"116\" src=\"https:\/\/hoteljunior.it\/wp-content\/uploads\/2026\/01\/logo-horizontal.svg\" class=\"attachment-large size-large wp-image-1326\" alt=\"\" \/>\t\t\t\t\t\t\t\t<\/a>\n\t\t\t\t\t\t\t\t\t\t\t\t\t\t\t<\/div>\n\t\t\t\t<\/div>\n\t\t\t\t<\/div>\n\t\t\t\t<\/div>\n\t\t\t\t<\/div>\n\t\t<div class=\"elementor-element elementor-element-a416cbe elementor-hidden-mobile e-flex e-con-boxed e-con e-parent\" data-id=\"a416cbe\" data-element_type=\"container\" data-e-type=\"container\">\n\t\t\t\t\t<div class=\"e-con-inner\">\n\t\t<div class=\"elementor-element elementor-element-86a15f6 e-con-full e-flex e-con e-child\" data-id=\"86a15f6\" data-element_type=\"container\" data-e-type=\"container\">\n\t\t<div class=\"elementor-element elementor-element-76f3a72 e-con-full e-flex e-con e-child\" data-id=\"76f3a72\" data-element_type=\"container\" data-e-type=\"container\">\n\t\t\t\t<div class=\"elementor-element elementor-element-65f332e elementor-widget__width-initial elementor-widget elementor-widget-image\" data-id=\"65f332e\" data-element_type=\"widget\" data-e-type=\"widget\" data-widget_type=\"image.default\">\n\t\t\t\t\t\t\t\t\t\t\t\t\t\t\t<img loading=\"lazy\" decoding=\"async\" width=\"649\" height=\"347\" src=\"https:\/\/hoteljunior.it\/wp-content\/uploads\/2026\/02\/Cor-Original-elementor-io-optimized.webp\" class=\"attachment-large size-large wp-image-1329\" alt=\"\" srcset=\"https:\/\/hoteljunior.it\/wp-content\/uploads\/2026\/02\/Cor-Original-elementor-io-optimized.webp 649w, https:\/\/hoteljunior.it\/wp-content\/uploads\/2026\/02\/Cor-Original-elementor-io-optimized-300x160.webp 300w\" sizes=\"(max-width: 649px) 100vw, 649px\" \/>\t\t\t\t\t\t\t\t\t\t\t\t\t\t\t<\/div>\n\t\t\t\t<div class=\"elementor-element elementor-element-530ba0c elementor-widget elementor-widget-heading\" data-id=\"530ba0c\" data-element_type=\"widget\" data-e-type=\"widget\" data-widget_type=\"heading.default\">\n\t\t\t\t\t<h2 class=\"elementor-heading-title elementor-size-default\">L\u2019hospitalit\u00e9 de votre h\u00f4tel \u00e0 Rimini, d\u00e9sormais dans une nouvelle exp\u00e9rience en ligne<\/h2>\t\t\t\t<\/div>\n\t\t\t\t<div class=\"elementor-element elementor-element-a198f96 elementor-widget elementor-widget-heading\" data-id=\"a198f96\" data-element_type=\"widget\" data-e-type=\"widget\" data-widget_type=\"heading.default\">\n\t\t\t\t\t<h4 class=\"elementor-heading-title elementor-size-default\">Plus de confort, avant m\u00eame le check-in.<\/h4>\t\t\t\t<\/div>\n\t\t\t\t<div class=\"elementor-element elementor-element-e01d4b2 elementor-widget elementor-widget-text-editor\" data-id=\"e01d4b2\" data-element_type=\"widget\" data-e-type=\"widget\" data-widget_type=\"text-editor.default\">\n\t\t\t\t\t\t\t\t\t<p>L\u2019<b data-path-to-node=\"3,3,0\" data-index-in-node=\"10\">H\u00f4tel Junior<\/b> renouvelle sa pr\u00e9sence num\u00e9rique. Nous finalisons un site moderne et intuitif, con\u00e7u pour simplifier l\u2019organisation de vos vacances. En attendant, notre \u00e9quipe reste \u00e0 votre enti\u00e8re disposition.<\/p>\t\t\t\t\t\t\t\t<\/div>\n\t\t\t\t<div class=\"elementor-element elementor-element-537ff65 elementor-mobile-align-justify elementor-widget-mobile__width-initial elementor-widget elementor-widget-button\" data-id=\"537ff65\" data-element_type=\"widget\" data-e-type=\"widget\" data-widget_type=\"button.default\">\n\t\t\t\t\t\t\t\t\t\t<a class=\"elementor-button elementor-button-link elementor-size-sm\" href=\"https:\/\/www.simplebooking.it\/ibe\/portal?pid=222&#038;lang=IT&#038;cur=GBP#\/p&#038;guests=A,A&#038;in=2026-01-30&#038;out=2026-01-31&#038;coupon=\">\n\t\t\t\t\t\t<span class=\"elementor-button-content-wrapper\">\n\t\t\t\t\t\t\t\t\t<span class=\"elementor-button-text\">V\u00e9rifier la disponibilit\u00e9<\/span>\n\t\t\t\t\t<\/span>\n\t\t\t\t\t<\/a>\n\t\t\t\t\t\t\t\t<\/div>\n\t\t\t\t<\/div>\n\t\t<div class=\"elementor-element elementor-element-00dc49a e-con-full e-flex e-con e-child\" data-id=\"00dc49a\" data-element_type=\"container\" data-e-type=\"container\">\n\t\t\t\t<div class=\"elementor-element elementor-element-ce4059c elementor-widget elementor-widget-image\" data-id=\"ce4059c\" data-element_type=\"widget\" data-e-type=\"widget\" data-widget_type=\"image.default\">\n\t\t\t\t\t\t\t\t\t\t\t\t\t\t\t<img decoding=\"async\" width=\"1024\" height=\"768\" src=\"https:\/\/hoteljunior.it\/wp-content\/uploads\/2026\/01\/Animacao-quarto-hotel-Junior-di-rimini-2.gif\" class=\"attachment-full size-full wp-image-1328\" alt=\"\" \/>\t\t\t\t\t\t\t\t\t\t\t\t\t\t\t<\/div>\n\t\t\t\t<\/div>\n\t\t\t\t<\/div>\n\t\t\t\t\t<\/div>\n\t\t\t\t<\/div>\n\t\t<div class=\"elementor-element elementor-element-a178c73 elementor-hidden-mobile e-flex e-con-boxed e-con e-parent\" data-id=\"a178c73\" data-element_type=\"container\" data-e-type=\"container\">\n\t\t\t\t\t<div class=\"e-con-inner\">\n\t\t\t\t<div class=\"elementor-element elementor-element-3c7bb38 elementor-widget__width-initial elementor-widget elementor-widget-image\" data-id=\"3c7bb38\" data-element_type=\"widget\" data-e-type=\"widget\" data-widget_type=\"image.default\">\n\t\t\t\t\t\t\t\t\t\t\t\t\t\t\t\t<a href=\"https:\/\/oasigrouphotels.com\/\">\n\t\t\t\t\t\t\t<img decoding=\"async\" width=\"793\" height=\"116\" src=\"https:\/\/hoteljunior.it\/wp-content\/uploads\/2026\/01\/logo-horizontal.svg\" class=\"attachment-large size-large wp-image-1326\" alt=\"\" \/>\t\t\t\t\t\t\t\t<\/a>\n\t\t\t\t\t\t\t\t\t\t\t\t\t\t\t<\/div>\n\t\t\t\t\t<\/div>\n\t\t\t\t<\/div>\n\t\t\t\t<\/div>\n\t\t","protected":false},"excerpt":{"rendered":"<p>L\u2019hospitalit\u00e9 de votre h\u00f4tel \u00e0 Rimini, d\u00e9sormais dans une nouvelle exp\u00e9rience en ligne Plus de confort, avant m\u00eame le check-in. L\u2019H\u00f4tel Junior renouvelle sa pr\u00e9sence num\u00e9rique. Nous finalisons un site moderne et intuitif, con\u00e7u pour simplifier l\u2019organisation de vos vacances. En attendant, notre \u00e9quipe reste \u00e0 votre enti\u00e8re disposition. V\u00e9rifier la disponibilit\u00e9 L\u2019hospitalit\u00e9 de votre [&hellip;]<\/p>\n","protected":false},"author":1,"featured_media":0,"parent":0,"menu_order":0,"comment_status":"closed","ping_status":"closed","template":"elementor_canvas","meta":{"footnotes":""},"class_list":["post-1321","page","type-page","status-publish","hentry"],"yoast_head":"<!-- This site is optimized with the Yoast SEO plugin v27.3 - https:\/\/yoast.com\/product\/yoast-seo-wordpress\/ -->\n<title>H\u00f4tel Junior | Votre h\u00f4tel 3 \u00e9toiles \u00e0 Rimini - Nouvelle exp\u00e9rience en ligne - Hotel junior di Rimini - Hotel 3 Stelle con servizo di 4 stelle<\/title>\n<meta name=\"robots\" content=\"index, follow, max-snippet:-1, max-image-preview:large, max-video-preview:-1\" \/>\n<link rel=\"canonical\" href=\"https:\/\/hoteljunior.it\/fr\/hotel-junior-votre-hotel-3-etoiles-a-rimini-nouvelle-experience-en-ligne\/\" \/>\n<meta property=\"og:locale\" content=\"fr_FR\" \/>\n<meta property=\"og:type\" content=\"article\" \/>\n<meta property=\"og:title\" content=\"H\u00f4tel Junior | Votre h\u00f4tel 3 \u00e9toiles \u00e0 Rimini - Nouvelle exp\u00e9rience en ligne - Hotel junior di Rimini - Hotel 3 Stelle con servizo di 4 stelle\" \/>\n<meta property=\"og:description\" content=\"L\u2019hospitalit\u00e9 de votre h\u00f4tel \u00e0 Rimini, d\u00e9sormais dans une nouvelle exp\u00e9rience en ligne Plus de confort, avant m\u00eame le check-in. L\u2019H\u00f4tel Junior renouvelle sa pr\u00e9sence num\u00e9rique. Nous finalisons un site moderne et intuitif, con\u00e7u pour simplifier l\u2019organisation de vos vacances. En attendant, notre \u00e9quipe reste \u00e0 votre enti\u00e8re disposition. V\u00e9rifier la disponibilit\u00e9 L\u2019hospitalit\u00e9 de votre [&hellip;]\" \/>\n<meta property=\"og:url\" content=\"https:\/\/hoteljunior.it\/fr\/hotel-junior-votre-hotel-3-etoiles-a-rimini-nouvelle-experience-en-ligne\/\" \/>\n<meta property=\"og:site_name\" content=\"Hotel junior di Rimini - Hotel 3 Stelle con servizo di 4 stelle\" \/>\n<meta property=\"article:modified_time\" content=\"2026-02-23T17:25:18+00:00\" \/>\n<meta name=\"twitter:card\" content=\"summary_large_image\" \/>\n<meta name=\"twitter:label1\" content=\"Dur\u00e9e de lecture estim\u00e9e\" \/>\n\t<meta name=\"twitter:data1\" content=\"1 minute\" \/>\n<script type=\"application\/ld+json\" class=\"yoast-schema-graph\">{\"@context\":\"https:\\\/\\\/schema.org\",\"@graph\":[{\"@type\":\"WebPage\",\"@id\":\"https:\\\/\\\/hoteljunior.it\\\/fr\\\/hotel-junior-votre-hotel-3-etoiles-a-rimini-nouvelle-experience-en-ligne\\\/\",\"url\":\"https:\\\/\\\/hoteljunior.it\\\/fr\\\/hotel-junior-votre-hotel-3-etoiles-a-rimini-nouvelle-experience-en-ligne\\\/\",\"name\":\"H\u00f4tel Junior | Votre h\u00f4tel 3 \u00e9toiles \u00e0 Rimini - Nouvelle exp\u00e9rience en ligne - Hotel junior di Rimini - Hotel 3 Stelle con servizo di 4 stelle\",\"isPartOf\":{\"@id\":\"https:\\\/\\\/hoteljunior.it\\\/fr\\\/#website\"},\"primaryImageOfPage\":{\"@id\":\"https:\\\/\\\/hoteljunior.it\\\/fr\\\/hotel-junior-votre-hotel-3-etoiles-a-rimini-nouvelle-experience-en-ligne\\\/#primaryimage\"},\"image\":{\"@id\":\"https:\\\/\\\/hoteljunior.it\\\/fr\\\/hotel-junior-votre-hotel-3-etoiles-a-rimini-nouvelle-experience-en-ligne\\\/#primaryimage\"},\"thumbnailUrl\":\"https:\\\/\\\/hoteljunior.it\\\/wp-content\\\/uploads\\\/2026\\\/01\\\/Logo-original-color.svg\",\"datePublished\":\"2026-01-29T13:16:45+00:00\",\"dateModified\":\"2026-02-23T17:25:18+00:00\",\"breadcrumb\":{\"@id\":\"https:\\\/\\\/hoteljunior.it\\\/fr\\\/hotel-junior-votre-hotel-3-etoiles-a-rimini-nouvelle-experience-en-ligne\\\/#breadcrumb\"},\"inLanguage\":\"fr-FR\",\"potentialAction\":[{\"@type\":\"ReadAction\",\"target\":[\"https:\\\/\\\/hoteljunior.it\\\/fr\\\/hotel-junior-votre-hotel-3-etoiles-a-rimini-nouvelle-experience-en-ligne\\\/\"]}]},{\"@type\":\"ImageObject\",\"inLanguage\":\"fr-FR\",\"@id\":\"https:\\\/\\\/hoteljunior.it\\\/fr\\\/hotel-junior-votre-hotel-3-etoiles-a-rimini-nouvelle-experience-en-ligne\\\/#primaryimage\",\"url\":\"https:\\\/\\\/hoteljunior.it\\\/wp-content\\\/uploads\\\/2026\\\/01\\\/Logo-original-color.svg\",\"contentUrl\":\"https:\\\/\\\/hoteljunior.it\\\/wp-content\\\/uploads\\\/2026\\\/01\\\/Logo-original-color.svg\"},{\"@type\":\"BreadcrumbList\",\"@id\":\"https:\\\/\\\/hoteljunior.it\\\/fr\\\/hotel-junior-votre-hotel-3-etoiles-a-rimini-nouvelle-experience-en-ligne\\\/#breadcrumb\",\"itemListElement\":[{\"@type\":\"ListItem\",\"position\":1,\"name\":\"In\u00edcio\",\"item\":\"https:\\\/\\\/hoteljunior.it\\\/fr\\\/\"},{\"@type\":\"ListItem\",\"position\":2,\"name\":\"H\u00f4tel Junior | Votre h\u00f4tel 3 \u00e9toiles \u00e0 Rimini &#8211; Nouvelle exp\u00e9rience en ligne\"}]},{\"@type\":\"WebSite\",\"@id\":\"https:\\\/\\\/hoteljunior.it\\\/fr\\\/#website\",\"url\":\"https:\\\/\\\/hoteljunior.it\\\/fr\\\/\",\"name\":\"Hotel Junior | Hotel 3 Stelle a Rimini con Servizi da 4 Stelle\",\"description\":\"\",\"publisher\":{\"@id\":\"https:\\\/\\\/hoteljunior.it\\\/fr\\\/#organization\"},\"potentialAction\":[{\"@type\":\"SearchAction\",\"target\":{\"@type\":\"EntryPoint\",\"urlTemplate\":\"https:\\\/\\\/hoteljunior.it\\\/fr\\\/?s={search_term_string}\"},\"query-input\":{\"@type\":\"PropertyValueSpecification\",\"valueRequired\":true,\"valueName\":\"search_term_string\"}}],\"inLanguage\":\"fr-FR\"},{\"@type\":\"Organization\",\"@id\":\"https:\\\/\\\/hoteljunior.it\\\/fr\\\/#organization\",\"name\":\"Hotel Junior di Rimini\",\"url\":\"https:\\\/\\\/hoteljunior.it\\\/fr\\\/\",\"logo\":{\"@type\":\"ImageObject\",\"inLanguage\":\"fr-FR\",\"@id\":\"https:\\\/\\\/hoteljunior.it\\\/fr\\\/#\\\/schema\\\/logo\\\/image\\\/\",\"url\":\"https:\\\/\\\/hoteljunior.it\\\/wp-content\\\/uploads\\\/2026\\\/01\\\/Logo-original-color.svg\",\"contentUrl\":\"https:\\\/\\\/hoteljunior.it\\\/wp-content\\\/uploads\\\/2026\\\/01\\\/Logo-original-color.svg\",\"width\":530,\"height\":322,\"caption\":\"Hotel Junior di Rimini\"},\"image\":{\"@id\":\"https:\\\/\\\/hoteljunior.it\\\/fr\\\/#\\\/schema\\\/logo\\\/image\\\/\"}}]}<\/script>\n<!-- \/ Yoast SEO plugin. -->","yoast_head_json":{"title":"H\u00f4tel Junior | Votre h\u00f4tel 3 \u00e9toiles \u00e0 Rimini - Nouvelle exp\u00e9rience en ligne - Hotel junior di Rimini - Hotel 3 Stelle con servizo di 4 stelle","robots":{"index":"index","follow":"follow","max-snippet":"max-snippet:-1","max-image-preview":"max-image-preview:large","max-video-preview":"max-video-preview:-1"},"canonical":"https:\/\/hoteljunior.it\/fr\/hotel-junior-votre-hotel-3-etoiles-a-rimini-nouvelle-experience-en-ligne\/","og_locale":"fr_FR","og_type":"article","og_title":"H\u00f4tel Junior | Votre h\u00f4tel 3 \u00e9toiles \u00e0 Rimini - Nouvelle exp\u00e9rience en ligne - Hotel junior di Rimini - Hotel 3 Stelle con servizo di 4 stelle","og_description":"L\u2019hospitalit\u00e9 de votre h\u00f4tel \u00e0 Rimini, d\u00e9sormais dans une nouvelle exp\u00e9rience en ligne Plus de confort, avant m\u00eame le check-in. L\u2019H\u00f4tel Junior renouvelle sa pr\u00e9sence num\u00e9rique. Nous finalisons un site moderne et intuitif, con\u00e7u pour simplifier l\u2019organisation de vos vacances. En attendant, notre \u00e9quipe reste \u00e0 votre enti\u00e8re disposition. V\u00e9rifier la disponibilit\u00e9 L\u2019hospitalit\u00e9 de votre [&hellip;]","og_url":"https:\/\/hoteljunior.it\/fr\/hotel-junior-votre-hotel-3-etoiles-a-rimini-nouvelle-experience-en-ligne\/","og_site_name":"Hotel junior di Rimini - Hotel 3 Stelle con servizo di 4 stelle","article_modified_time":"2026-02-23T17:25:18+00:00","twitter_card":"summary_large_image","twitter_misc":{"Dur\u00e9e de lecture estim\u00e9e":"1 minute"},"schema":{"@context":"https:\/\/schema.org","@graph":[{"@type":"WebPage","@id":"https:\/\/hoteljunior.it\/fr\/hotel-junior-votre-hotel-3-etoiles-a-rimini-nouvelle-experience-en-ligne\/","url":"https:\/\/hoteljunior.it\/fr\/hotel-junior-votre-hotel-3-etoiles-a-rimini-nouvelle-experience-en-ligne\/","name":"H\u00f4tel Junior | Votre h\u00f4tel 3 \u00e9toiles \u00e0 Rimini - Nouvelle exp\u00e9rience en ligne - Hotel junior di Rimini - Hotel 3 Stelle con servizo di 4 stelle","isPartOf":{"@id":"https:\/\/hoteljunior.it\/fr\/#website"},"primaryImageOfPage":{"@id":"https:\/\/hoteljunior.it\/fr\/hotel-junior-votre-hotel-3-etoiles-a-rimini-nouvelle-experience-en-ligne\/#primaryimage"},"image":{"@id":"https:\/\/hoteljunior.it\/fr\/hotel-junior-votre-hotel-3-etoiles-a-rimini-nouvelle-experience-en-ligne\/#primaryimage"},"thumbnailUrl":"https:\/\/hoteljunior.it\/wp-content\/uploads\/2026\/01\/Logo-original-color.svg","datePublished":"2026-01-29T13:16:45+00:00","dateModified":"2026-02-23T17:25:18+00:00","breadcrumb":{"@id":"https:\/\/hoteljunior.it\/fr\/hotel-junior-votre-hotel-3-etoiles-a-rimini-nouvelle-experience-en-ligne\/#breadcrumb"},"inLanguage":"fr-FR","potentialAction":[{"@type":"ReadAction","target":["https:\/\/hoteljunior.it\/fr\/hotel-junior-votre-hotel-3-etoiles-a-rimini-nouvelle-experience-en-ligne\/"]}]},{"@type":"ImageObject","inLanguage":"fr-FR","@id":"https:\/\/hoteljunior.it\/fr\/hotel-junior-votre-hotel-3-etoiles-a-rimini-nouvelle-experience-en-ligne\/#primaryimage","url":"https:\/\/hoteljunior.it\/wp-content\/uploads\/2026\/01\/Logo-original-color.svg","contentUrl":"https:\/\/hoteljunior.it\/wp-content\/uploads\/2026\/01\/Logo-original-color.svg"},{"@type":"BreadcrumbList","@id":"https:\/\/hoteljunior.it\/fr\/hotel-junior-votre-hotel-3-etoiles-a-rimini-nouvelle-experience-en-ligne\/#breadcrumb","itemListElement":[{"@type":"ListItem","position":1,"name":"In\u00edcio","item":"https:\/\/hoteljunior.it\/fr\/"},{"@type":"ListItem","position":2,"name":"H\u00f4tel Junior | Votre h\u00f4tel 3 \u00e9toiles \u00e0 Rimini &#8211; Nouvelle exp\u00e9rience en ligne"}]},{"@type":"WebSite","@id":"https:\/\/hoteljunior.it\/fr\/#website","url":"https:\/\/hoteljunior.it\/fr\/","name":"Hotel Junior | Hotel 3 Stelle a Rimini con Servizi da 4 Stelle","description":"","publisher":{"@id":"https:\/\/hoteljunior.it\/fr\/#organization"},"potentialAction":[{"@type":"SearchAction","target":{"@type":"EntryPoint","urlTemplate":"https:\/\/hoteljunior.it\/fr\/?s={search_term_string}"},"query-input":{"@type":"PropertyValueSpecification","valueRequired":true,"valueName":"search_term_string"}}],"inLanguage":"fr-FR"},{"@type":"Organization","@id":"https:\/\/hoteljunior.it\/fr\/#organization","name":"Hotel Junior di Rimini","url":"https:\/\/hoteljunior.it\/fr\/","logo":{"@type":"ImageObject","inLanguage":"fr-FR","@id":"https:\/\/hoteljunior.it\/fr\/#\/schema\/logo\/image\/","url":"https:\/\/hoteljunior.it\/wp-content\/uploads\/2026\/01\/Logo-original-color.svg","contentUrl":"https:\/\/hoteljunior.it\/wp-content\/uploads\/2026\/01\/Logo-original-color.svg","width":530,"height":322,"caption":"Hotel Junior di Rimini"},"image":{"@id":"https:\/\/hoteljunior.it\/fr\/#\/schema\/logo\/image\/"}}]}},"_links":{"self":[{"href":"https:\/\/hoteljunior.it\/fr\/wp-json\/wp\/v2\/pages\/1321","targetHints":{"allow":["GET"]}}],"collection":[{"href":"https:\/\/hoteljunior.it\/fr\/wp-json\/wp\/v2\/pages"}],"about":[{"href":"https:\/\/hoteljunior.it\/fr\/wp-json\/wp\/v2\/types\/page"}],"author":[{"embeddable":true,"href":"https:\/\/hoteljunior.it\/fr\/wp-json\/wp\/v2\/users\/1"}],"replies":[{"embeddable":true,"href":"https:\/\/hoteljunior.it\/fr\/wp-json\/wp\/v2\/comments?post=1321"}],"version-history":[{"count":1,"href":"https:\/\/hoteljunior.it\/fr\/wp-json\/wp\/v2\/pages\/1321\/revisions"}],"predecessor-version":[{"id":1330,"href":"https:\/\/hoteljunior.it\/fr\/wp-json\/wp\/v2\/pages\/1321\/revisions\/1330"}],"wp:attachment":[{"href":"https:\/\/hoteljunior.it\/fr\/wp-json\/wp\/v2\/media?parent=1321"}],"curies":[{"name":"wp","href":"https:\/\/api.w.org\/{rel}","templated":true}]}}