{"id":1311,"date":"2026-01-29T13:16:45","date_gmt":"2026-01-29T13:16:45","guid":{"rendered":"https:\/\/hoteljunior.it\/hotel-junior-ihr-3-sterne-hotel-in-rimini-neues-online-erlebnis\/"},"modified":"2026-02-23T17:24:08","modified_gmt":"2026-02-23T17:24:08","slug":"hotel-junior-ihr-3-sterne-hotel-in-rimini-neues-online-erlebnis","status":"publish","type":"page","link":"https:\/\/hoteljunior.it\/de\/hotel-junior-ihr-3-sterne-hotel-in-rimini-neues-online-erlebnis\/","title":{"rendered":"Hotel Junior | Ihr 3-Sterne-Hotel in Rimini \u2013 Neues Online-Erlebnis"},"content":{"rendered":"\t\t<div data-elementor-type=\"wp-page\" data-elementor-id=\"1311\" class=\"elementor elementor-1311\" data-elementor-post-type=\"page\">\n\t\t\t\t<div class=\"elementor-element elementor-element-53f9401 elementor-hidden-desktop elementor-hidden-tablet e-con-full e-flex e-con e-parent\" data-id=\"53f9401\" data-element_type=\"container\" data-e-type=\"container\">\n\t\t<div class=\"elementor-element elementor-element-d1d90c3 e-con-full e-flex e-con e-child\" data-id=\"d1d90c3\" data-element_type=\"container\" data-e-type=\"container\">\n\t\t<div class=\"elementor-element elementor-element-f624209 e-con-full e-flex e-con e-child\" data-id=\"f624209\" data-element_type=\"container\" data-e-type=\"container\">\n\t\t\t\t<div class=\"elementor-element elementor-element-fe49b7c elementor-widget__width-initial elementor-widget elementor-widget-image\" data-id=\"fe49b7c\" data-element_type=\"widget\" data-e-type=\"widget\" data-widget_type=\"image.default\">\n\t\t\t\t\t\t\t\t\t\t\t\t\t\t\t<img fetchpriority=\"high\" decoding=\"async\" width=\"530\" height=\"322\" src=\"https:\/\/hoteljunior.it\/wp-content\/uploads\/2026\/01\/Logo-original-color.svg\" class=\"attachment-large size-large wp-image-1313\" alt=\"\" \/>\t\t\t\t\t\t\t\t\t\t\t\t\t\t\t<\/div>\n\t\t<div class=\"elementor-element elementor-element-9f1c2af e-con-full e-flex e-con e-child\" data-id=\"9f1c2af\" data-element_type=\"container\" data-e-type=\"container\">\n\t\t\t\t<div class=\"elementor-element elementor-element-0c471a2 elementor-widget-mobile__width-inherit elementor-widget elementor-widget-image\" data-id=\"0c471a2\" data-element_type=\"widget\" data-e-type=\"widget\" data-widget_type=\"image.default\">\n\t\t\t\t\t\t\t\t\t\t\t\t\t\t\t<img decoding=\"async\" width=\"1024\" height=\"768\" src=\"https:\/\/hoteljunior.it\/wp-content\/uploads\/2026\/01\/Animacao-quarto-hotel-Junior-di-rimini-2.gif\" class=\"attachment-full size-full wp-image-1318\" alt=\"\" \/>\t\t\t\t\t\t\t\t\t\t\t\t\t\t\t<\/div>\n\t\t\t\t<\/div>\n\t\t\t\t<div class=\"elementor-element elementor-element-c9389e7 elementor-widget elementor-widget-heading\" data-id=\"c9389e7\" data-element_type=\"widget\" data-e-type=\"widget\" data-widget_type=\"heading.default\">\n\t\t\t\t\t<h2 class=\"elementor-heading-title elementor-size-default\">Die Gastfreundschaft Ihres Hotels in Rimini, jetzt in einem neuen Online-Erlebnis<\/h2>\t\t\t\t<\/div>\n\t\t\t\t<div class=\"elementor-element elementor-element-28964ab elementor-widget elementor-widget-heading\" data-id=\"28964ab\" data-element_type=\"widget\" data-e-type=\"widget\" data-widget_type=\"heading.default\">\n\t\t\t\t\t<h4 class=\"elementor-heading-title elementor-size-default\">Mehr Komfort, noch vor dem Check-in.<\/h4>\t\t\t\t<\/div>\n\t\t\t\t<div class=\"elementor-element elementor-element-61db9da elementor-widget elementor-widget-text-editor\" data-id=\"61db9da\" data-element_type=\"widget\" data-e-type=\"widget\" data-widget_type=\"text-editor.default\">\n\t\t\t\t\t\t\t\t\t<p>Das <b data-path-to-node=\"3,3,0\" data-index-in-node=\"10\">Hotel Junior<\/b> erneuert seine digitale Pr\u00e4senz. Wir stellen gerade eine moderne und intuitive Website fertig, die darauf ausgelegt ist, die Planung Ihres Urlaubs zu vereinfachen. In der Zwischenzeit steht Ihnen unser Team gerne zur Verf\u00fcgung.<\/p>\t\t\t\t\t\t\t\t<\/div>\n\t\t\t\t<div class=\"elementor-element elementor-element-7cbda78 elementor-mobile-align-justify elementor-widget-mobile__width-initial elementor-widget elementor-widget-button\" data-id=\"7cbda78\" data-element_type=\"widget\" data-e-type=\"widget\" data-widget_type=\"button.default\">\n\t\t\t\t\t\t\t\t\t\t<a class=\"elementor-button elementor-button-link elementor-size-sm\" href=\"https:\/\/www.simplebooking.it\/ibe\/portal?pid=222&#038;lang=IT&#038;cur=GBP#\/p&#038;guests=A,A&#038;in=2026-01-30&#038;out=2026-01-31&#038;coupon=\">\n\t\t\t\t\t\t<span class=\"elementor-button-content-wrapper\">\n\t\t\t\t\t\t\t\t\t<span class=\"elementor-button-text\">Verf\u00fcgbarkeit pr\u00fcfen<\/span>\n\t\t\t\t\t<\/span>\n\t\t\t\t\t<\/a>\n\t\t\t\t\t\t\t\t<\/div>\n\t\t<div class=\"elementor-element elementor-element-5c4fc62 e-con-full e-flex e-con e-child\" data-id=\"5c4fc62\" data-element_type=\"container\" data-e-type=\"container\">\n\t\t\t\t<div class=\"elementor-element elementor-element-f49c99f elementor-widget__width-initial elementor-widget elementor-widget-image\" data-id=\"f49c99f\" data-element_type=\"widget\" data-e-type=\"widget\" data-widget_type=\"image.default\">\n\t\t\t\t\t\t\t\t\t\t\t\t\t\t\t\t<a href=\"https:\/\/oasigrouphotels.com\/\">\n\t\t\t\t\t\t\t<img decoding=\"async\" width=\"793\" height=\"116\" src=\"https:\/\/hoteljunior.it\/wp-content\/uploads\/2026\/01\/logo-horizontal.svg\" class=\"attachment-large size-large wp-image-1316\" alt=\"\" \/>\t\t\t\t\t\t\t\t<\/a>\n\t\t\t\t\t\t\t\t\t\t\t\t\t\t\t<\/div>\n\t\t\t\t<\/div>\n\t\t\t\t<\/div>\n\t\t\t\t<\/div>\n\t\t\t\t<\/div>\n\t\t<div class=\"elementor-element elementor-element-a416cbe elementor-hidden-mobile e-flex e-con-boxed e-con e-parent\" data-id=\"a416cbe\" data-element_type=\"container\" data-e-type=\"container\">\n\t\t\t\t\t<div class=\"e-con-inner\">\n\t\t<div class=\"elementor-element elementor-element-86a15f6 e-con-full e-flex e-con e-child\" data-id=\"86a15f6\" data-element_type=\"container\" data-e-type=\"container\">\n\t\t<div class=\"elementor-element elementor-element-76f3a72 e-con-full e-flex e-con e-child\" data-id=\"76f3a72\" data-element_type=\"container\" data-e-type=\"container\">\n\t\t\t\t<div class=\"elementor-element elementor-element-65f332e elementor-widget__width-initial elementor-widget elementor-widget-image\" data-id=\"65f332e\" data-element_type=\"widget\" data-e-type=\"widget\" data-widget_type=\"image.default\">\n\t\t\t\t\t\t\t\t\t\t\t\t\t\t\t<img loading=\"lazy\" decoding=\"async\" width=\"649\" height=\"347\" src=\"https:\/\/hoteljunior.it\/wp-content\/uploads\/2026\/02\/Cor-Original-elementor-io-optimized.webp\" class=\"attachment-large size-large wp-image-1319\" alt=\"\" srcset=\"https:\/\/hoteljunior.it\/wp-content\/uploads\/2026\/02\/Cor-Original-elementor-io-optimized.webp 649w, https:\/\/hoteljunior.it\/wp-content\/uploads\/2026\/02\/Cor-Original-elementor-io-optimized-300x160.webp 300w\" sizes=\"(max-width: 649px) 100vw, 649px\" \/>\t\t\t\t\t\t\t\t\t\t\t\t\t\t\t<\/div>\n\t\t\t\t<div class=\"elementor-element elementor-element-530ba0c elementor-widget elementor-widget-heading\" data-id=\"530ba0c\" data-element_type=\"widget\" data-e-type=\"widget\" data-widget_type=\"heading.default\">\n\t\t\t\t\t<h2 class=\"elementor-heading-title elementor-size-default\">Die Gastfreundschaft Ihres Hotels in Rimini, jetzt in einem neuen Online-Erlebnis<\/h2>\t\t\t\t<\/div>\n\t\t\t\t<div class=\"elementor-element elementor-element-a198f96 elementor-widget elementor-widget-heading\" data-id=\"a198f96\" data-element_type=\"widget\" data-e-type=\"widget\" data-widget_type=\"heading.default\">\n\t\t\t\t\t<h4 class=\"elementor-heading-title elementor-size-default\">Mehr Komfort, noch vor dem Check-in.<\/h4>\t\t\t\t<\/div>\n\t\t\t\t<div class=\"elementor-element elementor-element-e01d4b2 elementor-widget elementor-widget-text-editor\" data-id=\"e01d4b2\" data-element_type=\"widget\" data-e-type=\"widget\" data-widget_type=\"text-editor.default\">\n\t\t\t\t\t\t\t\t\t<p>Das <b data-path-to-node=\"3,3,0\" data-index-in-node=\"10\">Hotel Junior<\/b> erneuert seine digitale Pr\u00e4senz. Wir stellen gerade eine moderne und intuitive Website fertig, die darauf ausgelegt ist, die Planung Ihres Urlaubs zu vereinfachen. In der Zwischenzeit steht Ihnen unser Team gerne zur Verf\u00fcgung.<\/p>\t\t\t\t\t\t\t\t<\/div>\n\t\t\t\t<div class=\"elementor-element elementor-element-537ff65 elementor-mobile-align-justify elementor-widget-mobile__width-initial elementor-widget elementor-widget-button\" data-id=\"537ff65\" data-element_type=\"widget\" data-e-type=\"widget\" data-widget_type=\"button.default\">\n\t\t\t\t\t\t\t\t\t\t<a class=\"elementor-button elementor-button-link elementor-size-sm\" href=\"https:\/\/www.simplebooking.it\/ibe\/portal?pid=222&#038;lang=IT&#038;cur=GBP#\/p&#038;guests=A,A&#038;in=2026-01-30&#038;out=2026-01-31&#038;coupon=\">\n\t\t\t\t\t\t<span class=\"elementor-button-content-wrapper\">\n\t\t\t\t\t\t\t\t\t<span class=\"elementor-button-text\">Verf\u00fcgbarkeit pr\u00fcfen<\/span>\n\t\t\t\t\t<\/span>\n\t\t\t\t\t<\/a>\n\t\t\t\t\t\t\t\t<\/div>\n\t\t\t\t<\/div>\n\t\t<div class=\"elementor-element elementor-element-00dc49a e-con-full e-flex e-con e-child\" data-id=\"00dc49a\" data-element_type=\"container\" data-e-type=\"container\">\n\t\t\t\t<div class=\"elementor-element elementor-element-ce4059c elementor-widget elementor-widget-image\" data-id=\"ce4059c\" data-element_type=\"widget\" data-e-type=\"widget\" data-widget_type=\"image.default\">\n\t\t\t\t\t\t\t\t\t\t\t\t\t\t\t<img decoding=\"async\" width=\"1024\" height=\"768\" src=\"https:\/\/hoteljunior.it\/wp-content\/uploads\/2026\/01\/Animacao-quarto-hotel-Junior-di-rimini-2.gif\" class=\"attachment-full size-full wp-image-1318\" alt=\"\" \/>\t\t\t\t\t\t\t\t\t\t\t\t\t\t\t<\/div>\n\t\t\t\t<\/div>\n\t\t\t\t<\/div>\n\t\t\t\t\t<\/div>\n\t\t\t\t<\/div>\n\t\t<div class=\"elementor-element elementor-element-a178c73 elementor-hidden-mobile e-flex e-con-boxed e-con e-parent\" data-id=\"a178c73\" data-element_type=\"container\" data-e-type=\"container\">\n\t\t\t\t\t<div class=\"e-con-inner\">\n\t\t\t\t<div class=\"elementor-element elementor-element-3c7bb38 elementor-widget__width-initial elementor-widget elementor-widget-image\" data-id=\"3c7bb38\" data-element_type=\"widget\" data-e-type=\"widget\" data-widget_type=\"image.default\">\n\t\t\t\t\t\t\t\t\t\t\t\t\t\t\t\t<a href=\"https:\/\/oasigrouphotels.com\/\">\n\t\t\t\t\t\t\t<img decoding=\"async\" width=\"793\" height=\"116\" src=\"https:\/\/hoteljunior.it\/wp-content\/uploads\/2026\/01\/logo-horizontal.svg\" class=\"attachment-large size-large wp-image-1316\" alt=\"\" \/>\t\t\t\t\t\t\t\t<\/a>\n\t\t\t\t\t\t\t\t\t\t\t\t\t\t\t<\/div>\n\t\t\t\t\t<\/div>\n\t\t\t\t<\/div>\n\t\t\t\t<\/div>\n\t\t","protected":false},"excerpt":{"rendered":"<p>Die Gastfreundschaft Ihres Hotels in Rimini, jetzt in einem neuen Online-Erlebnis Mehr Komfort, noch vor dem Check-in. Das Hotel Junior erneuert seine digitale Pr\u00e4senz. Wir stellen gerade eine moderne und intuitive Website fertig, die darauf ausgelegt ist, die Planung Ihres Urlaubs zu vereinfachen. In der Zwischenzeit steht Ihnen unser Team gerne zur Verf\u00fcgung. Verf\u00fcgbarkeit pr\u00fcfen [&hellip;]<\/p>\n","protected":false},"author":1,"featured_media":0,"parent":0,"menu_order":0,"comment_status":"closed","ping_status":"closed","template":"elementor_canvas","meta":{"footnotes":""},"class_list":["post-1311","page","type-page","status-publish","hentry"],"yoast_head":"<!-- This site is optimized with the Yoast SEO plugin v27.3 - https:\/\/yoast.com\/product\/yoast-seo-wordpress\/ -->\n<title>Hotel Junior | Ihr 3-Sterne-Hotel in Rimini \u2013 Neues Online-Erlebnis - Hotel junior di Rimini - Hotel 3 Stelle con servizo di 4 stelle<\/title>\n<meta name=\"robots\" content=\"index, follow, max-snippet:-1, max-image-preview:large, max-video-preview:-1\" \/>\n<link rel=\"canonical\" href=\"https:\/\/hoteljunior.it\/de\/hotel-junior-ihr-3-sterne-hotel-in-rimini-neues-online-erlebnis\/\" \/>\n<meta property=\"og:locale\" content=\"de_DE\" \/>\n<meta property=\"og:type\" content=\"article\" \/>\n<meta property=\"og:title\" content=\"Hotel Junior | Ihr 3-Sterne-Hotel in Rimini \u2013 Neues Online-Erlebnis - Hotel junior di Rimini - Hotel 3 Stelle con servizo di 4 stelle\" \/>\n<meta property=\"og:description\" content=\"Die Gastfreundschaft Ihres Hotels in Rimini, jetzt in einem neuen Online-Erlebnis Mehr Komfort, noch vor dem Check-in. Das Hotel Junior erneuert seine digitale Pr\u00e4senz. Wir stellen gerade eine moderne und intuitive Website fertig, die darauf ausgelegt ist, die Planung Ihres Urlaubs zu vereinfachen. In der Zwischenzeit steht Ihnen unser Team gerne zur Verf\u00fcgung. Verf\u00fcgbarkeit pr\u00fcfen [&hellip;]\" \/>\n<meta property=\"og:url\" content=\"https:\/\/hoteljunior.it\/de\/hotel-junior-ihr-3-sterne-hotel-in-rimini-neues-online-erlebnis\/\" \/>\n<meta property=\"og:site_name\" content=\"Hotel junior di Rimini - Hotel 3 Stelle con servizo di 4 stelle\" \/>\n<meta property=\"article:modified_time\" content=\"2026-02-23T17:24:08+00:00\" \/>\n<meta name=\"twitter:card\" content=\"summary_large_image\" \/>\n<meta name=\"twitter:label1\" content=\"Gesch\u00e4tzte Lesezeit\" \/>\n\t<meta name=\"twitter:data1\" content=\"1\u00a0Minute\" \/>\n<script type=\"application\/ld+json\" class=\"yoast-schema-graph\">{\"@context\":\"https:\\\/\\\/schema.org\",\"@graph\":[{\"@type\":\"WebPage\",\"@id\":\"https:\\\/\\\/hoteljunior.it\\\/de\\\/hotel-junior-ihr-3-sterne-hotel-in-rimini-neues-online-erlebnis\\\/\",\"url\":\"https:\\\/\\\/hoteljunior.it\\\/de\\\/hotel-junior-ihr-3-sterne-hotel-in-rimini-neues-online-erlebnis\\\/\",\"name\":\"Hotel Junior | Ihr 3-Sterne-Hotel in Rimini \u2013 Neues Online-Erlebnis - Hotel junior di Rimini - Hotel 3 Stelle con servizo di 4 stelle\",\"isPartOf\":{\"@id\":\"https:\\\/\\\/hoteljunior.it\\\/de\\\/#website\"},\"primaryImageOfPage\":{\"@id\":\"https:\\\/\\\/hoteljunior.it\\\/de\\\/hotel-junior-ihr-3-sterne-hotel-in-rimini-neues-online-erlebnis\\\/#primaryimage\"},\"image\":{\"@id\":\"https:\\\/\\\/hoteljunior.it\\\/de\\\/hotel-junior-ihr-3-sterne-hotel-in-rimini-neues-online-erlebnis\\\/#primaryimage\"},\"thumbnailUrl\":\"https:\\\/\\\/hoteljunior.it\\\/wp-content\\\/uploads\\\/2026\\\/01\\\/Logo-original-color.svg\",\"datePublished\":\"2026-01-29T13:16:45+00:00\",\"dateModified\":\"2026-02-23T17:24:08+00:00\",\"breadcrumb\":{\"@id\":\"https:\\\/\\\/hoteljunior.it\\\/de\\\/hotel-junior-ihr-3-sterne-hotel-in-rimini-neues-online-erlebnis\\\/#breadcrumb\"},\"inLanguage\":\"de\",\"potentialAction\":[{\"@type\":\"ReadAction\",\"target\":[\"https:\\\/\\\/hoteljunior.it\\\/de\\\/hotel-junior-ihr-3-sterne-hotel-in-rimini-neues-online-erlebnis\\\/\"]}]},{\"@type\":\"ImageObject\",\"inLanguage\":\"de\",\"@id\":\"https:\\\/\\\/hoteljunior.it\\\/de\\\/hotel-junior-ihr-3-sterne-hotel-in-rimini-neues-online-erlebnis\\\/#primaryimage\",\"url\":\"https:\\\/\\\/hoteljunior.it\\\/wp-content\\\/uploads\\\/2026\\\/01\\\/Logo-original-color.svg\",\"contentUrl\":\"https:\\\/\\\/hoteljunior.it\\\/wp-content\\\/uploads\\\/2026\\\/01\\\/Logo-original-color.svg\"},{\"@type\":\"BreadcrumbList\",\"@id\":\"https:\\\/\\\/hoteljunior.it\\\/de\\\/hotel-junior-ihr-3-sterne-hotel-in-rimini-neues-online-erlebnis\\\/#breadcrumb\",\"itemListElement\":[{\"@type\":\"ListItem\",\"position\":1,\"name\":\"In\u00edcio\",\"item\":\"https:\\\/\\\/hoteljunior.it\\\/de\\\/\"},{\"@type\":\"ListItem\",\"position\":2,\"name\":\"Hotel Junior | Ihr 3-Sterne-Hotel in Rimini \u2013 Neues Online-Erlebnis\"}]},{\"@type\":\"WebSite\",\"@id\":\"https:\\\/\\\/hoteljunior.it\\\/de\\\/#website\",\"url\":\"https:\\\/\\\/hoteljunior.it\\\/de\\\/\",\"name\":\"Hotel Junior | Hotel 3 Stelle a Rimini con Servizi da 4 Stelle\",\"description\":\"\",\"publisher\":{\"@id\":\"https:\\\/\\\/hoteljunior.it\\\/de\\\/#organization\"},\"potentialAction\":[{\"@type\":\"SearchAction\",\"target\":{\"@type\":\"EntryPoint\",\"urlTemplate\":\"https:\\\/\\\/hoteljunior.it\\\/de\\\/?s={search_term_string}\"},\"query-input\":{\"@type\":\"PropertyValueSpecification\",\"valueRequired\":true,\"valueName\":\"search_term_string\"}}],\"inLanguage\":\"de\"},{\"@type\":\"Organization\",\"@id\":\"https:\\\/\\\/hoteljunior.it\\\/de\\\/#organization\",\"name\":\"Hotel Junior di Rimini\",\"url\":\"https:\\\/\\\/hoteljunior.it\\\/de\\\/\",\"logo\":{\"@type\":\"ImageObject\",\"inLanguage\":\"de\",\"@id\":\"https:\\\/\\\/hoteljunior.it\\\/de\\\/#\\\/schema\\\/logo\\\/image\\\/\",\"url\":\"https:\\\/\\\/hoteljunior.it\\\/wp-content\\\/uploads\\\/2026\\\/01\\\/Logo-original-color.svg\",\"contentUrl\":\"https:\\\/\\\/hoteljunior.it\\\/wp-content\\\/uploads\\\/2026\\\/01\\\/Logo-original-color.svg\",\"width\":530,\"height\":322,\"caption\":\"Hotel Junior di Rimini\"},\"image\":{\"@id\":\"https:\\\/\\\/hoteljunior.it\\\/de\\\/#\\\/schema\\\/logo\\\/image\\\/\"}}]}<\/script>\n<!-- \/ Yoast SEO plugin. -->","yoast_head_json":{"title":"Hotel Junior | Ihr 3-Sterne-Hotel in Rimini \u2013 Neues Online-Erlebnis - Hotel junior di Rimini - Hotel 3 Stelle con servizo di 4 stelle","robots":{"index":"index","follow":"follow","max-snippet":"max-snippet:-1","max-image-preview":"max-image-preview:large","max-video-preview":"max-video-preview:-1"},"canonical":"https:\/\/hoteljunior.it\/de\/hotel-junior-ihr-3-sterne-hotel-in-rimini-neues-online-erlebnis\/","og_locale":"de_DE","og_type":"article","og_title":"Hotel Junior | Ihr 3-Sterne-Hotel in Rimini \u2013 Neues Online-Erlebnis - Hotel junior di Rimini - Hotel 3 Stelle con servizo di 4 stelle","og_description":"Die Gastfreundschaft Ihres Hotels in Rimini, jetzt in einem neuen Online-Erlebnis Mehr Komfort, noch vor dem Check-in. Das Hotel Junior erneuert seine digitale Pr\u00e4senz. Wir stellen gerade eine moderne und intuitive Website fertig, die darauf ausgelegt ist, die Planung Ihres Urlaubs zu vereinfachen. In der Zwischenzeit steht Ihnen unser Team gerne zur Verf\u00fcgung. Verf\u00fcgbarkeit pr\u00fcfen [&hellip;]","og_url":"https:\/\/hoteljunior.it\/de\/hotel-junior-ihr-3-sterne-hotel-in-rimini-neues-online-erlebnis\/","og_site_name":"Hotel junior di Rimini - Hotel 3 Stelle con servizo di 4 stelle","article_modified_time":"2026-02-23T17:24:08+00:00","twitter_card":"summary_large_image","twitter_misc":{"Gesch\u00e4tzte Lesezeit":"1\u00a0Minute"},"schema":{"@context":"https:\/\/schema.org","@graph":[{"@type":"WebPage","@id":"https:\/\/hoteljunior.it\/de\/hotel-junior-ihr-3-sterne-hotel-in-rimini-neues-online-erlebnis\/","url":"https:\/\/hoteljunior.it\/de\/hotel-junior-ihr-3-sterne-hotel-in-rimini-neues-online-erlebnis\/","name":"Hotel Junior | Ihr 3-Sterne-Hotel in Rimini \u2013 Neues Online-Erlebnis - Hotel junior di Rimini - Hotel 3 Stelle con servizo di 4 stelle","isPartOf":{"@id":"https:\/\/hoteljunior.it\/de\/#website"},"primaryImageOfPage":{"@id":"https:\/\/hoteljunior.it\/de\/hotel-junior-ihr-3-sterne-hotel-in-rimini-neues-online-erlebnis\/#primaryimage"},"image":{"@id":"https:\/\/hoteljunior.it\/de\/hotel-junior-ihr-3-sterne-hotel-in-rimini-neues-online-erlebnis\/#primaryimage"},"thumbnailUrl":"https:\/\/hoteljunior.it\/wp-content\/uploads\/2026\/01\/Logo-original-color.svg","datePublished":"2026-01-29T13:16:45+00:00","dateModified":"2026-02-23T17:24:08+00:00","breadcrumb":{"@id":"https:\/\/hoteljunior.it\/de\/hotel-junior-ihr-3-sterne-hotel-in-rimini-neues-online-erlebnis\/#breadcrumb"},"inLanguage":"de","potentialAction":[{"@type":"ReadAction","target":["https:\/\/hoteljunior.it\/de\/hotel-junior-ihr-3-sterne-hotel-in-rimini-neues-online-erlebnis\/"]}]},{"@type":"ImageObject","inLanguage":"de","@id":"https:\/\/hoteljunior.it\/de\/hotel-junior-ihr-3-sterne-hotel-in-rimini-neues-online-erlebnis\/#primaryimage","url":"https:\/\/hoteljunior.it\/wp-content\/uploads\/2026\/01\/Logo-original-color.svg","contentUrl":"https:\/\/hoteljunior.it\/wp-content\/uploads\/2026\/01\/Logo-original-color.svg"},{"@type":"BreadcrumbList","@id":"https:\/\/hoteljunior.it\/de\/hotel-junior-ihr-3-sterne-hotel-in-rimini-neues-online-erlebnis\/#breadcrumb","itemListElement":[{"@type":"ListItem","position":1,"name":"In\u00edcio","item":"https:\/\/hoteljunior.it\/de\/"},{"@type":"ListItem","position":2,"name":"Hotel Junior | Ihr 3-Sterne-Hotel in Rimini \u2013 Neues Online-Erlebnis"}]},{"@type":"WebSite","@id":"https:\/\/hoteljunior.it\/de\/#website","url":"https:\/\/hoteljunior.it\/de\/","name":"Hotel Junior | Hotel 3 Stelle a Rimini con Servizi da 4 Stelle","description":"","publisher":{"@id":"https:\/\/hoteljunior.it\/de\/#organization"},"potentialAction":[{"@type":"SearchAction","target":{"@type":"EntryPoint","urlTemplate":"https:\/\/hoteljunior.it\/de\/?s={search_term_string}"},"query-input":{"@type":"PropertyValueSpecification","valueRequired":true,"valueName":"search_term_string"}}],"inLanguage":"de"},{"@type":"Organization","@id":"https:\/\/hoteljunior.it\/de\/#organization","name":"Hotel Junior di Rimini","url":"https:\/\/hoteljunior.it\/de\/","logo":{"@type":"ImageObject","inLanguage":"de","@id":"https:\/\/hoteljunior.it\/de\/#\/schema\/logo\/image\/","url":"https:\/\/hoteljunior.it\/wp-content\/uploads\/2026\/01\/Logo-original-color.svg","contentUrl":"https:\/\/hoteljunior.it\/wp-content\/uploads\/2026\/01\/Logo-original-color.svg","width":530,"height":322,"caption":"Hotel Junior di Rimini"},"image":{"@id":"https:\/\/hoteljunior.it\/de\/#\/schema\/logo\/image\/"}}]}},"_links":{"self":[{"href":"https:\/\/hoteljunior.it\/de\/wp-json\/wp\/v2\/pages\/1311","targetHints":{"allow":["GET"]}}],"collection":[{"href":"https:\/\/hoteljunior.it\/de\/wp-json\/wp\/v2\/pages"}],"about":[{"href":"https:\/\/hoteljunior.it\/de\/wp-json\/wp\/v2\/types\/page"}],"author":[{"embeddable":true,"href":"https:\/\/hoteljunior.it\/de\/wp-json\/wp\/v2\/users\/1"}],"replies":[{"embeddable":true,"href":"https:\/\/hoteljunior.it\/de\/wp-json\/wp\/v2\/comments?post=1311"}],"version-history":[{"count":1,"href":"https:\/\/hoteljunior.it\/de\/wp-json\/wp\/v2\/pages\/1311\/revisions"}],"predecessor-version":[{"id":1320,"href":"https:\/\/hoteljunior.it\/de\/wp-json\/wp\/v2\/pages\/1311\/revisions\/1320"}],"wp:attachment":[{"href":"https:\/\/hoteljunior.it\/de\/wp-json\/wp\/v2\/media?parent=1311"}],"curies":[{"name":"wp","href":"https:\/\/api.w.org\/{rel}","templated":true}]}}